{"id":73,"date":"2017-06-12T04:35:29","date_gmt":"2017-06-12T04:35:29","guid":{"rendered":"http:\/\/demo2.steelthemes.com\/gardenhub\/?page_id=73"},"modified":"2026-03-03T20:28:47","modified_gmt":"2026-03-03T19:28:47","slug":"contact","status":"publish","type":"page","link":"https:\/\/www.scheiderwald.de\/?page_id=73","title":{"rendered":"Kontakt"},"content":{"rendered":"<div class=\"wpb-content-wrapper\"><p>[vc_row css=\u201c.vc_custom_1496648745757{padding-top: 70px !important;padding-bottom: 80px !important;}\u201c][vc_column width=\u201c1\/3\u2033]<div class=\"fh-section-title clearfix  text-left style-2 version-dark\"><div class=\"container\"><h2>Kontakt <span class=\"main-color\">Forstbetrieb Quast<\/span><\/h2><\/div><\/div>[vc_row_inner css=\u201c.vc_custom_1496648932484{padding-top: 40px !important;padding-bottom: 45px !important;}\u201c][vc_column_inner]<div class=\"fh-contact-box  style-2\">\n\t\t\t\t\n                <div class=\"info\"><div class=\"info-item\"><span class=\"fh-icon\"><i class=\"flaticon-globe\"><\/i><\/span><div class=\"details\">Scheiderwald 5, 57482 Wenden<\/div><\/div><div class=\"info-item\"><span class=\"fh-icon\"><i class=\"flaticon-web\"><\/i><\/span><div class=\"details\">info@scheiderwald.de<\/div><\/div><div class=\"info-item\"><span class=\"fh-icon\"><i class=\"flaticon-phone-set\"><\/i><\/span><div class=\"details\">+(49) 2762 1320<\/div><\/div><\/div>\n            <\/div>[\/vc_column_inner][\/vc_row_inner]<div class=\"fh-section-title clearfix  text-left style-2 version-dark\"><div class=\"container\"><h2>Unsere  <span class=\"main-color\"> \u00d6ffnungszeiten<\/span><\/h2><\/div><\/div>[vc_column_text css=\u201c.vc_custom_1699905253230{padding-top: 40px !important;}\u201c]<strong><span class=\"hour\">Nur g\u00fcltig in der Adventszeit!<\/span><\/strong><\/p>\n<ul class=\"opening-hours vc_opening-hours\">\n<li>Montag <span class=\"hour\">9:30 \u2013 16:30<\/span><\/li>\n<li>Dienstag <span class=\"hour\">9:30 \u2013 16:30<\/span><\/li>\n<li>Mittwoch <span class=\"hour\">9:30 \u2013 16:30<\/span><\/li>\n<li>Donnerstag <span class=\"hour\">9:30 \u2013 16:30<\/span><\/li>\n<li>Freitag <span class=\"hour\">9:30 \u2013 16:30<\/span><\/li>\n<li>Samstag <span class=\"hour\">10:00 \u2013 17:00<\/span><\/li>\n<li>Sonntag 1<span class=\"hour\">0:00 \u2013 17:00<\/span><\/li>\n<\/ul>\n<p>[\/vc_column_text][\/vc_column][vc_column width=\u201c2\/3\u2033]<div class=\"fh-section-title clearfix  text-left style-2 version-dark\"><div class=\"container\"><h2>Senden Sie uns eine  <span class=\"main-color\"> Nachricht!<\/span><\/h2><\/div><\/div>[vc_row_inner css=\u201c.vc_custom_1496647938965{padding-top: 40px !important;}\u201c el_class=\u201ccontact-page\u201c][vc_column_inner][vc_column_text css=\u201c.vc_custom_1505328264945{padding-bottom: 30px !important;}\u201c]Sie haben noch Fragen an uns? Schreiben Sie eine Nachricht und wir melden und so schnell wie m\u00f6glich zur\u00fcck. Bitte beachten Sie, dass wir w\u00e4hrend der Weihnachtszeit sehr viel zu tun haben und nur versp\u00e4tet auf Nachrichten antworten k\u00f6nnen. Sollte es dringend sein, scheuen Sie sich nicht uns anzurufen![\/vc_column_text][\/vc_column_inner][\/vc_row_inner]<div class=\"fh-section-title clearfix  text-left style-1 version-dark\"><div class=\"container\"><h2>Impressum<\/h2><\/div><\/div>[vc_column_text]Land \u2013 und forstwirtschaftlicher Betrieb<br \/>\nPeter Quast<br \/>\nScheiderwald 5<br \/>\n57482 Wenden<\/p>\n<p>Steuernummer 338 \/ 5705 \/ 1217<\/p>\n<p>Inhaltlich Verantwortlicher gem\u00e4\u00df \u00a7 10 Absatz 3 MDStV: Peter Quast (Anschrift wie oben)<\/p>\n<p>Inhaltlich Verantwortlicher gem\u00e4\u00df \u00a7 10 Absatz 3 MDStV: Peter Quast (Anschrift wie oben)<\/p>\n<p>Haftungshinweis: Trotz sorgf\u00e4ltiger inhaltlicher Kontrolle \u00fcbernehmen wir keine Haftung f\u00fcr die Inhalte externer Links.<br \/>\nF\u00fcr den Inhalt der verlinkten Seiten sind ausschlie\u00dflich deren Betreiber verantwortlich.[\/vc_column_text][\/vc_column][\/vc_row]<\/p>\n<\/div>","protected":false},"excerpt":{"rendered":"<p>[vc_row css=\u201c.vc_custom_1496648745757{padding-top: 70px !important;padding-bottom: 80px !important;}\u201c][vc_column width=\u201c1\/3\u2033][vc_row_inner css=\u201c.vc_custom_1496648932484{padding-top: 40px !important;padding-bottom: 45px !important;}\u201c][vc_column_inner][\/vc_column_inner][\/vc_row_inner][vc_column_text css=\u201c.vc_custom_1699905253230{padding-top:&hellip;<\/p>\n","protected":false},"author":1,"featured_media":0,"parent":0,"menu_order":0,"comment_status":"closed","ping_status":"closed","template":"template-fullwidth.php","meta":{"footnotes":""},"class_list":["post-73","page","type-page","status-publish","hentry","no-thumb"],"_links":{"self":[{"href":"https:\/\/www.scheiderwald.de\/index.php?rest_route=\/wp\/v2\/pages\/73","targetHints":{"allow":["GET"]}}],"collection":[{"href":"https:\/\/www.scheiderwald.de\/index.php?rest_route=\/wp\/v2\/pages"}],"about":[{"href":"https:\/\/www.scheiderwald.de\/index.php?rest_route=\/wp\/v2\/types\/page"}],"author":[{"embeddable":true,"href":"https:\/\/www.scheiderwald.de\/index.php?rest_route=\/wp\/v2\/users\/1"}],"replies":[{"embeddable":true,"href":"https:\/\/www.scheiderwald.de\/index.php?rest_route=%2Fwp%2Fv2%2Fcomments&post=73"}],"version-history":[{"count":14,"href":"https:\/\/www.scheiderwald.de\/index.php?rest_route=\/wp\/v2\/pages\/73\/revisions"}],"predecessor-version":[{"id":701,"href":"https:\/\/www.scheiderwald.de\/index.php?rest_route=\/wp\/v2\/pages\/73\/revisions\/701"}],"wp:attachment":[{"href":"https:\/\/www.scheiderwald.de\/index.php?rest_route=%2Fwp%2Fv2%2Fmedia&parent=73"}],"curies":[{"name":"wp","href":"https:\/\/api.w.org\/{rel}","templated":true}]}}