{"id":419,"date":"2017-09-12T21:46:32","date_gmt":"2017-09-12T19:46:32","guid":{"rendered":"http:\/\/scheiderwald.de\/wordpress\/?page_id=419"},"modified":"2021-11-07T11:20:34","modified_gmt":"2021-11-07T10:20:34","slug":"weihnachtsbaeume","status":"publish","type":"page","link":"https:\/\/www.scheiderwald.de\/?page_id=419","title":{"rendered":"Weihnachtsb\u00e4ume"},"content":{"rendered":"<div class=\"wpb-content-wrapper\"><p>[vc_row][vc_column]<div class=\"fh-section-title clearfix  text-left style-1 version-dark\"><div class=\"container\"><h2>Unsere  <span class=\"main-color\"> Weihnachtsb\u00e4ume<\/span><\/h2><\/div><\/div>[vc_column_text]Unser Bioweihnachtsbaum-Betrieb ist nach der EU-Verordnung \u00d6koligscher Landbau zertifiziert und wird regelm\u00e4\u00dfig \u00fcberpr\u00fcft. Wir verzichten auf jeden Einsatz von Chemie. Unsere Kulturen werden von Shropshire-Schafen sauber gehalten. Durch diese Methode erhalten wir ein gesundes Mikroklima. Eine gro\u00dfe Artenvielfalt an Pflanzen und Tieren, insbesondere Insekten und unser Trinkwasser, wird nicht noch st\u00e4rker mit Pestiziden belastet.[\/vc_column_text][\/vc_column][\/vc_row][vc_row][vc_column width=\u201c1\/2\u2033]<div class=\"fh-section-title clearfix  text-left style-1 version-dark\"><div class=\"container\"><h2>Die  <span class=\"main-color\"> Nordmanntanne<\/span><\/h2><\/div><\/div>[vc_single_image image=\u201c460\u2033][vc_column_text]Die Nordmanntanne (Abies nordmannia) ist \u00e4u\u00dferst robust und haltbar. Deshalb ist sie sehr gut als Weihnachtsbaum geeignet. Dazu tragen die festen Nadeln und das weiche, biegsame Holz des Baumes ihren Teil bei. Diese Eigenschaften erm\u00f6glichen dem Besitzer der Tanne auch schweren Weihnachtsbaumschmuck nutzen zu k\u00f6nnen.<br \/>\nDie Nordmanntanne als Weihnachtsbaum kann problemlos in w\u00e4rmere R\u00e4ume gestellt werden und hat bei durchschnittlicher Raumtemperatur eine Haltbarkeit von gut drei Wochen.[\/vc_column_text][\/vc_column][vc_column width=\u201c1\/2\u2033]<div class=\"fh-section-title clearfix  text-left style-1 version-dark\"><div class=\"container\"><h2>Die  <span class=\"main-color\"> Nobilistanne<\/span><\/h2><\/div><\/div>[vc_single_image image=\u201c461\u2033][vc_column_text]Die Nobilistanne (Abies nobilis) geh\u00f6rt zu den robustesten Weihnachtsb\u00e4umen. Bisher gilt die Nobilistanne als Liebhaberbaum und ist eher unbekannt, aber ihre vielen Vorteile \u00fcberzeugen. Durch ihre lange Haltbarkeit und Nadelfestigkeit ist die Nobilistanne als Weihnachtsbaum, aber auch als Schnittgr\u00fcn bei Kennern sehr beliebt. Die stabilen \u00c4ste halten auch schweren Weihnachtsbaumschmuck gut aus und machen die Tanne insgesamt sehr stabil.<br \/>\nWen der etwas unregelm\u00e4\u00dfige Wuchs der Nobilistanne nicht st\u00f6rt, der kann diesen Baum bestens im Innenbereich aufstellen und einen im Topf gekauften Baum nach dem Fest sogar in den Garten pflanzen.[\/vc_column_text][\/vc_column][\/vc_row][vc_row][vc_column][\/vc_column][\/vc_row]<\/p>\n<\/div>","protected":false},"excerpt":{"rendered":"<p>[vc_row][vc_column][vc_column_text]Unser Bioweihnachtsbaum-Betrieb ist nach der EU-Verordnung \u00d6koligscher Landbau zertifiziert und wird regelm\u00e4\u00dfig \u00fcberpr\u00fcft.&hellip;<\/p>\n","protected":false},"author":1,"featured_media":0,"parent":0,"menu_order":0,"comment_status":"closed","ping_status":"closed","template":"","meta":{"footnotes":""},"class_list":["post-419","page","type-page","status-publish","hentry","no-thumb"],"_links":{"self":[{"href":"https:\/\/www.scheiderwald.de\/index.php?rest_route=\/wp\/v2\/pages\/419","targetHints":{"allow":["GET"]}}],"collection":[{"href":"https:\/\/www.scheiderwald.de\/index.php?rest_route=\/wp\/v2\/pages"}],"about":[{"href":"https:\/\/www.scheiderwald.de\/index.php?rest_route=\/wp\/v2\/types\/page"}],"author":[{"embeddable":true,"href":"https:\/\/www.scheiderwald.de\/index.php?rest_route=\/wp\/v2\/users\/1"}],"replies":[{"embeddable":true,"href":"https:\/\/www.scheiderwald.de\/index.php?rest_route=%2Fwp%2Fv2%2Fcomments&post=419"}],"version-history":[{"count":11,"href":"https:\/\/www.scheiderwald.de\/index.php?rest_route=\/wp\/v2\/pages\/419\/revisions"}],"predecessor-version":[{"id":654,"href":"https:\/\/www.scheiderwald.de\/index.php?rest_route=\/wp\/v2\/pages\/419\/revisions\/654"}],"wp:attachment":[{"href":"https:\/\/www.scheiderwald.de\/index.php?rest_route=%2Fwp%2Fv2%2Fmedia&parent=419"}],"curies":[{"name":"wp","href":"https:\/\/api.w.org\/{rel}","templated":true}]}}